{"id":12,"date":"2019-01-23T06:32:08","date_gmt":"2019-01-23T06:32:08","guid":{"rendered":"https:\/\/hanibeauty.fi\/contact-us\/"},"modified":"2026-05-02T00:16:20","modified_gmt":"2026-05-01T21:16:20","slug":"contact","status":"publish","type":"page","link":"https:\/\/hanibeauty.fi\/fi\/contact\/","title":{"rendered":"Yhteystiedot"},"content":{"rendered":"<p>Ota yhteytt\u00e4<\/p>\n<h3>Kontaktitiedot<\/h3>\n<h4>Sijaintimme<\/h4>\n<p>Pasuunatie 2A b 00420 Helsinki<\/p>\n<h4>Aukioloajat<\/h4>\n<p>Ma &#8211; Pe : 8-19<br \/>\nLa : 8-18<\/p>\n<h4>Puhelin<\/h4>\n<p>+ 358 045 238 3767<\/p>\n<h4>S\u00e4hk\u00f6posti<\/h4>\n<p>hani@hanibeauty.fi.<\/p>\n<h3>L\u00e4het\u00e4 viesti<\/h3>\n<div class=\"wpforms-container\" id=\"wpforms-7\"><form id=\"wpforms-form-7\" class=\"wpforms-validate wpforms-form\" data-formid=\"7\" method=\"post\" enctype=\"multipart\/form-data\" action=\"\/fi\/wp-json\/wp\/v2\/pages\/12\" data-token=\"e5e30dd5a2894dd8d038d93b60689271\" data-token-time=\"1778429844\" data-trp-original-action=\"\/fi\/wp-json\/wp\/v2\/pages\/12\"><noscript class=\"wpforms-error-noscript\">Please enable JavaScript in your browser to complete this form.<\/noscript><div class=\"wpforms-field-container\"><div id=\"wpforms-7-field_0-container\" class=\"wpforms-field wpforms-field-name\" data-field-id=\"0\"><label class=\"wpforms-field-label wpforms-label-hide\" for=\"wpforms-7-field_0\">Your Name  <span class=\"wpforms-required-label\">*<\/span><\/label><input type=\"text\" id=\"wpforms-7-field_0\" class=\"wpforms-field-large wpforms-field-required\" name=\"wpforms[fields][0]\" placeholder=\"Full name\" required><\/div><div id=\"wpforms-7-field_6-container\" class=\"wpforms-field wpforms-field-name\" data-field-id=\"6\"><label class=\"wpforms-field-label wpforms-label-hide\" for=\"wpforms-7-field_6\">Your Name  (copy) <span class=\"wpforms-required-label\">*<\/span><\/label><input type=\"text\" id=\"wpforms-7-field_6\" class=\"wpforms-field-large wpforms-field-required\" name=\"wpforms[fields][6]\" placeholder=\"Phone\" required><\/div><div id=\"wpforms-7-field_1-container\" class=\"wpforms-field wpforms-field-email\" data-field-id=\"1\"><label class=\"wpforms-field-label wpforms-label-hide\" for=\"wpforms-7-field_1\">Email <span class=\"wpforms-required-label\">*<\/span><\/label><input type=\"email\" id=\"wpforms-7-field_1\" class=\"wpforms-field-large wpforms-field-required\" name=\"wpforms[fields][1]\" placeholder=\"Email\" spellcheck=\"false\" required><\/div><div id=\"wpforms-7-field_4-container\" class=\"wpforms-field wpforms-field-text\" data-field-id=\"4\"><label class=\"wpforms-field-label wpforms-label-hide\" for=\"wpforms-7-field_4\">Additional information <span class=\"wpforms-required-label\">*<\/span><\/label><input type=\"text\" id=\"wpforms-7-field_4\" class=\"wpforms-field-large wpforms-field-required\" name=\"wpforms[fields][4]\" placeholder=\"Subject\" required><\/div><div id=\"wpforms-7-field_2-container\" class=\"wpforms-field wpforms-field-textarea\" data-field-id=\"2\"><label class=\"wpforms-field-label wpforms-label-hide\" for=\"wpforms-7-field_2\">Your Message <span class=\"wpforms-required-label\">*<\/span><\/label><textarea id=\"wpforms-7-field_2\" class=\"wpforms-field-medium wpforms-field-required\" name=\"wpforms[fields][2]\" placeholder=\"Message\" required><\/textarea><\/div><\/div><!-- .wpforms-field-container --><div class=\"wpforms-field wpforms-field-hp\"><label for=\"wpforms-7-field-hp\" class=\"wpforms-field-label\">Comment<\/label><input type=\"text\" name=\"wpforms[hp]\" id=\"wpforms-7-field-hp\" class=\"wpforms-field-medium\"><\/div><div class=\"wpforms-submit-container\" ><input type=\"hidden\" name=\"wpforms[id]\" value=\"7\"><input type=\"hidden\" name=\"page_title\" value=\"\"><input type=\"hidden\" name=\"page_url\" value=\"https:\/\/hanibeauty.fi\/fi\/wp-json\/wp\/v2\/pages\/12\"><input type=\"hidden\" name=\"url_referer\" value=\"\"><button type=\"submit\" name=\"wpforms[submit]\" id=\"wpforms-submit-7\" class=\"wpforms-submit\" data-alt-text=\"Sending...\" data-submit-text=\"Send Message\" aria-live=\"assertive\" value=\"wpforms-submit\">Send Message<\/button><\/div><input type=\"hidden\" name=\"trp-form-language\" value=\"fi\"\/><\/form><\/div>  <!-- .wpforms-container -->\n<h3>Sijaintimme kartalla<\/h3>\n<p><iframe title=\" Pasuunatie 2 A 00420\" data-src=\"https:\/\/maps.google.com\/maps?q=%20Pasuunatie%202%20A%2000420&amp;t=m&amp;z=14&amp;output=embed&amp;iwloc=near\" aria-label=\" Pasuunatie 2 A 00420\" src=\"data:image\/svg+xml;base64,PHN2ZyB3aWR0aD0iMSIgaGVpZ2h0PSIxIiB4bWxucz0iaHR0cDovL3d3dy53My5vcmcvMjAwMC9zdmciPjwvc3ZnPg==\" class=\"lazyload\" data-load-mode=\"1\"><\/iframe><br \/>\n<a href=\"#\"><br \/>\nOpen Map Navigation<br \/>\n<\/a><\/p>","protected":false},"excerpt":{"rendered":"<p>Ota yhteytt\u00e4 Kontaktitiedot Sijaintimme Pasuunatie 2A b 00420 Helsinki Aukioloajat Ma &#8211; Pe : 8-19 La : 8-18 Puhelin + 358 045 238 3767 S\u00e4hk\u00f6posti hani@hanibeauty.fi. L\u00e4het\u00e4 viesti Sijaintimme kartalla Open Map Navigation<\/p>","protected":false},"author":1,"featured_media":0,"parent":0,"menu_order":0,"comment_status":"closed","ping_status":"closed","template":"","meta":{"site-sidebar-layout":"no-sidebar","site-content-layout":"page-builder","ast-site-content-layout":"full-width-container","site-content-style":"unboxed","site-sidebar-style":"unboxed","ast-global-header-display":"","ast-banner-title-visibility":"","ast-main-header-display":"","ast-hfb-above-header-display":"","ast-hfb-below-header-display":"","ast-hfb-mobile-header-display":"","site-post-title":"disabled","ast-breadcrumbs-content":"","ast-featured-img":"disabled","footer-sml-layout":"","theme-transparent-header-meta":"enabled","adv-header-id-meta":"","stick-header-meta":"","header-above-stick-meta":"","header-main-stick-meta":"","header-below-stick-meta":"","astra-migrate-meta-layouts":"set","ast-page-background-enabled":"default","ast-page-background-meta":{"desktop":{"background-color":"","background-image":"","background-repeat":"repeat","background-position":"center center","background-size":"auto","background-attachment":"scroll","background-type":"","background-media":"","overlay-type":"","overlay-color":"","overlay-opacity":"","overlay-gradient":""},"tablet":{"background-color":"","background-image":"","background-repeat":"repeat","background-position":"center center","background-size":"auto","background-attachment":"scroll","background-type":"","background-media":"","overlay-type":"","overlay-color":"","overlay-opacity":"","overlay-gradient":""},"mobile":{"background-color":"","background-image":"","background-repeat":"repeat","background-position":"center center","background-size":"auto","background-attachment":"scroll","background-type":"","background-media":"","overlay-type":"","overlay-color":"","overlay-opacity":"","overlay-gradient":""}},"ast-content-background-meta":{"desktop":{"background-color":"var(--ast-global-color-5)","background-image":"","background-repeat":"repeat","background-position":"center center","background-size":"auto","background-attachment":"scroll","background-type":"","background-media":"","overlay-type":"","overlay-color":"","overlay-opacity":"","overlay-gradient":""},"tablet":{"background-color":"var(--ast-global-color-5)","background-image":"","background-repeat":"repeat","background-position":"center center","background-size":"auto","background-attachment":"scroll","background-type":"","background-media":"","overlay-type":"","overlay-color":"","overlay-opacity":"","overlay-gradient":""},"mobile":{"background-color":"var(--ast-global-color-5)","background-image":"","background-repeat":"repeat","background-position":"center center","background-size":"auto","background-attachment":"scroll","background-type":"","background-media":"","overlay-type":"","overlay-color":"","overlay-opacity":"","overlay-gradient":""}},"footnotes":""},"class_list":["post-12","page","type-page","status-publish","hentry"],"yoast_head":"<!-- This site is optimized with the Yoast SEO plugin v26.0 - https:\/\/yoast.com\/wordpress\/plugins\/seo\/ -->\n<title>Yhteystiedot - Hani Spa &amp; Beauty<\/title>\n<meta name=\"robots\" content=\"index, follow, max-snippet:-1, max-image-preview:large, max-video-preview:-1\" \/>\n<link rel=\"canonical\" href=\"https:\/\/hanibeauty.fi\/fi\/contact\/\" \/>\n<meta property=\"og:locale\" content=\"fi_FI\" \/>\n<meta property=\"og:type\" content=\"article\" \/>\n<meta property=\"og:title\" content=\"Yhteystiedot - Hani Spa &amp; Beauty\" \/>\n<meta property=\"og:description\" content=\"Ota yhteytt\u00e4 Kontaktitiedot Sijaintimme Pasuunatie 2A b 00420 Helsinki Aukioloajat Ma &#8211; Pe : 8-19 La : 8-18 Puhelin + 358 045 238 3767 S\u00e4hk\u00f6posti hani@hanibeauty.fi. L\u00e4het\u00e4 viesti Sijaintimme kartalla Open Map Navigation\" \/>\n<meta property=\"og:url\" content=\"https:\/\/hanibeauty.fi\/fi\/contact\/\" \/>\n<meta property=\"og:site_name\" content=\"Hani Spa &amp; Beauty\" \/>\n<meta property=\"article:publisher\" content=\"https:\/\/www.facebook.com\/hanibeautykauneushoitola\" \/>\n<meta property=\"article:modified_time\" content=\"2026-05-01T21:16:20+00:00\" \/>\n<meta name=\"twitter:card\" content=\"summary_large_image\" \/>\n<meta name=\"twitter:label1\" content=\"Arvioitu lukuaika\" \/>\n\t<meta name=\"twitter:data1\" content=\"1 minuutti\" \/>\n<script type=\"application\/ld+json\" class=\"yoast-schema-graph\">{\"@context\":\"https:\/\/schema.org\",\"@graph\":[{\"@type\":\"WebPage\",\"@id\":\"https:\/\/hanibeauty.fi\/contact\/\",\"url\":\"https:\/\/hanibeauty.fi\/contact\/\",\"name\":\"Yhteystiedot - Hani Spa &amp; Beauty\",\"isPartOf\":{\"@id\":\"https:\/\/hanibeauty.fi\/#website\"},\"datePublished\":\"2019-01-23T06:32:08+00:00\",\"dateModified\":\"2026-05-01T21:16:20+00:00\",\"breadcrumb\":{\"@id\":\"https:\/\/hanibeauty.fi\/contact\/#breadcrumb\"},\"inLanguage\":\"fi\",\"potentialAction\":[{\"@type\":\"ReadAction\",\"target\":[\"https:\/\/hanibeauty.fi\/contact\/\"]}]},{\"@type\":\"BreadcrumbList\",\"@id\":\"https:\/\/hanibeauty.fi\/contact\/#breadcrumb\",\"itemListElement\":[{\"@type\":\"ListItem\",\"position\":1,\"name\":\"Home\",\"item\":\"https:\/\/hanibeauty.fi\/\"},{\"@type\":\"ListItem\",\"position\":2,\"name\":\"Yhteystiedot\"}]},{\"@type\":\"WebSite\",\"@id\":\"https:\/\/hanibeauty.fi\/#website\",\"url\":\"https:\/\/hanibeauty.fi\/\",\"name\":\"Hani Spa &amp; Beauty\",\"description\":\"Let us take care of your beauty.\",\"publisher\":{\"@id\":\"https:\/\/hanibeauty.fi\/#organization\"},\"potentialAction\":[{\"@type\":\"SearchAction\",\"target\":{\"@type\":\"EntryPoint\",\"urlTemplate\":\"https:\/\/hanibeauty.fi\/?s={search_term_string}\"},\"query-input\":{\"@type\":\"PropertyValueSpecification\",\"valueRequired\":true,\"valueName\":\"search_term_string\"}}],\"inLanguage\":\"fi\"},{\"@type\":\"Organization\",\"@id\":\"https:\/\/hanibeauty.fi\/#organization\",\"name\":\"Hani Spa And Beauty\",\"url\":\"https:\/\/hanibeauty.fi\/\",\"logo\":{\"@type\":\"ImageObject\",\"inLanguage\":\"fi\",\"@id\":\"https:\/\/hanibeauty.fi\/#\/schema\/logo\/image\/\",\"url\":\"https:\/\/i0.wp.com\/hanibeauty.fi\/wp-content\/uploads\/2022\/05\/cropped-Hani21.png?fit=512%2C512&ssl=1\",\"contentUrl\":\"https:\/\/i0.wp.com\/hanibeauty.fi\/wp-content\/uploads\/2022\/05\/cropped-Hani21.png?fit=512%2C512&ssl=1\",\"width\":512,\"height\":512,\"caption\":\"Hani Spa And Beauty\"},\"image\":{\"@id\":\"https:\/\/hanibeauty.fi\/#\/schema\/logo\/image\/\"},\"sameAs\":[\"https:\/\/www.facebook.com\/hanibeautykauneushoitola\",\"https:\/\/www.instagram.com\/hanispabeauty\/?hl=en\"]}]}<\/script>\n<!-- \/ Yoast SEO plugin. -->","yoast_head_json":{"title":"Yhteystiedot - Hani Spa &amp; Beauty","robots":{"index":"index","follow":"follow","max-snippet":"max-snippet:-1","max-image-preview":"max-image-preview:large","max-video-preview":"max-video-preview:-1"},"canonical":"https:\/\/hanibeauty.fi\/fi\/contact\/","og_locale":"fi_FI","og_type":"article","og_title":"Yhteystiedot - Hani Spa &amp; Beauty","og_description":"Ota yhteytt\u00e4 Kontaktitiedot Sijaintimme Pasuunatie 2A b 00420 Helsinki Aukioloajat Ma &#8211; Pe : 8-19 La : 8-18 Puhelin + 358 045 238 3767 S\u00e4hk\u00f6posti hani@hanibeauty.fi. L\u00e4het\u00e4 viesti Sijaintimme kartalla Open Map Navigation","og_url":"https:\/\/hanibeauty.fi\/fi\/contact\/","og_site_name":"Hani Spa &amp; Beauty","article_publisher":"https:\/\/www.facebook.com\/hanibeautykauneushoitola","article_modified_time":"2026-05-01T21:16:20+00:00","twitter_card":"summary_large_image","twitter_misc":{"Arvioitu lukuaika":"1 minuutti"},"schema":{"@context":"https:\/\/schema.org","@graph":[{"@type":"WebPage","@id":"https:\/\/hanibeauty.fi\/contact\/","url":"https:\/\/hanibeauty.fi\/contact\/","name":"Yhteystiedot - Hani Spa &amp; Beauty","isPartOf":{"@id":"https:\/\/hanibeauty.fi\/#website"},"datePublished":"2019-01-23T06:32:08+00:00","dateModified":"2026-05-01T21:16:20+00:00","breadcrumb":{"@id":"https:\/\/hanibeauty.fi\/contact\/#breadcrumb"},"inLanguage":"fi","potentialAction":[{"@type":"ReadAction","target":["https:\/\/hanibeauty.fi\/contact\/"]}]},{"@type":"BreadcrumbList","@id":"https:\/\/hanibeauty.fi\/contact\/#breadcrumb","itemListElement":[{"@type":"ListItem","position":1,"name":"Home","item":"https:\/\/hanibeauty.fi\/"},{"@type":"ListItem","position":2,"name":"Yhteystiedot"}]},{"@type":"WebSite","@id":"https:\/\/hanibeauty.fi\/#website","url":"https:\/\/hanibeauty.fi\/","name":"Hani Spa &amp; Beauty","description":"Let us take care of your beauty.","publisher":{"@id":"https:\/\/hanibeauty.fi\/#organization"},"potentialAction":[{"@type":"SearchAction","target":{"@type":"EntryPoint","urlTemplate":"https:\/\/hanibeauty.fi\/?s={search_term_string}"},"query-input":{"@type":"PropertyValueSpecification","valueRequired":true,"valueName":"search_term_string"}}],"inLanguage":"fi"},{"@type":"Organization","@id":"https:\/\/hanibeauty.fi\/#organization","name":"Hani Spa And Beauty","url":"https:\/\/hanibeauty.fi\/","logo":{"@type":"ImageObject","inLanguage":"fi","@id":"https:\/\/hanibeauty.fi\/#\/schema\/logo\/image\/","url":"https:\/\/i0.wp.com\/hanibeauty.fi\/wp-content\/uploads\/2022\/05\/cropped-Hani21.png?fit=512%2C512&ssl=1","contentUrl":"https:\/\/i0.wp.com\/hanibeauty.fi\/wp-content\/uploads\/2022\/05\/cropped-Hani21.png?fit=512%2C512&ssl=1","width":512,"height":512,"caption":"Hani Spa And Beauty"},"image":{"@id":"https:\/\/hanibeauty.fi\/#\/schema\/logo\/image\/"},"sameAs":["https:\/\/www.facebook.com\/hanibeautykauneushoitola","https:\/\/www.instagram.com\/hanispabeauty\/?hl=en"]}]}},"jetpack_sharing_enabled":true,"_links":{"self":[{"href":"https:\/\/hanibeauty.fi\/fi\/wp-json\/wp\/v2\/pages\/12","targetHints":{"allow":["GET"]}}],"collection":[{"href":"https:\/\/hanibeauty.fi\/fi\/wp-json\/wp\/v2\/pages"}],"about":[{"href":"https:\/\/hanibeauty.fi\/fi\/wp-json\/wp\/v2\/types\/page"}],"author":[{"embeddable":true,"href":"https:\/\/hanibeauty.fi\/fi\/wp-json\/wp\/v2\/users\/1"}],"replies":[{"embeddable":true,"href":"https:\/\/hanibeauty.fi\/fi\/wp-json\/wp\/v2\/comments?post=12"}],"version-history":[{"count":55,"href":"https:\/\/hanibeauty.fi\/fi\/wp-json\/wp\/v2\/pages\/12\/revisions"}],"predecessor-version":[{"id":3229,"href":"https:\/\/hanibeauty.fi\/fi\/wp-json\/wp\/v2\/pages\/12\/revisions\/3229"}],"wp:attachment":[{"href":"https:\/\/hanibeauty.fi\/fi\/wp-json\/wp\/v2\/media?parent=12"}],"curies":[{"name":"wp","href":"https:\/\/api.w.org\/{rel}","templated":true}]}}