{"id":1995,"date":"2022-10-09T14:18:41","date_gmt":"2022-10-09T11:18:41","guid":{"rendered":"https:\/\/hanibeauty.fi\/?page_id=1995"},"modified":"2024-04-21T23:01:05","modified_gmt":"2024-04-21T20:01:05","slug":"sugering","status":"publish","type":"page","link":"https:\/\/hanibeauty.fi\/en\/sugering\/","title":{"rendered":"SUGERING"},"content":{"rendered":"\t\t<div data-elementor-type=\"wp-page\" data-elementor-id=\"1995\" class=\"elementor elementor-1995\" data-elementor-post-type=\"page\">\n\t\t\t\t\t\t<section class=\"elementor-section elementor-top-section elementor-element elementor-element-4a98245d elementor-section-height-min-height elementor-section-content-middle elementor-section-boxed elementor-section-height-default elementor-section-items-middle\" data-id=\"4a98245d\" data-element_type=\"section\" data-settings=\"{&quot;background_background&quot;:&quot;classic&quot;}\">\n\t\t\t\t\t\t\t<div class=\"elementor-background-overlay\"><\/div>\n\t\t\t\t\t\t\t<div class=\"elementor-container elementor-column-gap-no\">\n\t\t\t\t\t<div class=\"elementor-column elementor-col-100 elementor-top-column elementor-element elementor-element-4cef955d\" data-id=\"4cef955d\" data-element_type=\"column\">\n\t\t\t<div class=\"elementor-widget-wrap elementor-element-populated\">\n\t\t\t\t\t\t<div class=\"elementor-element elementor-element-6a2af3aa elementor-widget elementor-widget-heading\" data-id=\"6a2af3aa\" data-element_type=\"widget\" data-widget_type=\"heading.default\">\n\t\t\t\t<div class=\"elementor-widget-container\">\n\t\t\t\t\t<h1 class=\"elementor-heading-title elementor-size-default\">Sugaring<\/h1>\t\t\t\t<\/div>\n\t\t\t\t<\/div>\n\t\t\t\t\t<\/div>\n\t\t<\/div>\n\t\t\t\t\t<\/div>\n\t\t<\/section>\n\t\t\t\t<section class=\"elementor-section elementor-top-section elementor-element elementor-element-1dd6f112 elementor-section-boxed elementor-section-height-default elementor-section-height-default\" data-id=\"1dd6f112\" data-element_type=\"section\">\n\t\t\t\t\t\t<div class=\"elementor-container elementor-column-gap-default\">\n\t\t\t\t\t<div class=\"elementor-column elementor-col-100 elementor-top-column elementor-element elementor-element-43ccaeab\" data-id=\"43ccaeab\" data-element_type=\"column\">\n\t\t\t<div class=\"elementor-widget-wrap elementor-element-populated\">\n\t\t\t\t\t\t<div class=\"elementor-element elementor-element-5586b67a elementor-widget elementor-widget-heading\" data-id=\"5586b67a\" data-element_type=\"widget\" data-widget_type=\"heading.default\">\n\t\t\t\t<div class=\"elementor-widget-container\">\n\t\t\t\t\t<h2 class=\"elementor-heading-title elementor-size-default\">Sugaring<\/h2>\t\t\t\t<\/div>\n\t\t\t\t<\/div>\n\t\t\t\t\t<\/div>\n\t\t<\/div>\n\t\t\t\t\t<\/div>\n\t\t<\/section>\n\t\t\t\t<section class=\"elementor-section elementor-top-section elementor-element elementor-element-7f13c1b elementor-section-boxed elementor-section-height-default elementor-section-height-default\" data-id=\"7f13c1b\" data-element_type=\"section\">\n\t\t\t\t\t\t<div class=\"elementor-container elementor-column-gap-default\">\n\t\t\t\t\t<div class=\"elementor-column elementor-col-100 elementor-top-column elementor-element elementor-element-7f631fa\" data-id=\"7f631fa\" data-element_type=\"column\">\n\t\t\t<div class=\"elementor-widget-wrap elementor-element-populated\">\n\t\t\t\t\t\t<div class=\"elementor-element elementor-element-612951f elementor-widget elementor-widget-heading\" data-id=\"612951f\" data-element_type=\"widget\" data-widget_type=\"heading.default\">\n\t\t\t\t<div class=\"elementor-widget-container\">\n\t\t\t\t\t<h2 class=\"elementor-heading-title elementor-size-medium\">SUOMALAINEN EKOPHARMA\n\n\nperustuu parhaisiin mahdollisiin luonnonkosmetiikan aktiiviaineisiin ja suomalaisten marjauutteiden ja marjojen siemen\u00f6ljyjen ravintorikkauteen. Herk\u00e4lle iholle kehitetyt tuotteet ovat ratkaisu my\u00f6s kuivan ja reaktiivisen ihon vaativaan hoitoon. \nEKOPHARMA on sitoutunut ekologisuuteen, korkeaan ihosiedett\u00e4vyyteen ja erinomaiseen hoitotehoon.\nKarvanpoisto \u2013 sokeroinnit\nJokainen sokerointi tehd\u00e4\u00e4n kotimaisen Ekopharman Hilla Hell\u00e4 -sokereilla ja -hoitotuotteilla.<\/h2>\t\t\t\t<\/div>\n\t\t\t\t<\/div>\n\t\t\t\t\t<\/div>\n\t\t<\/div>\n\t\t\t\t\t<\/div>\n\t\t<\/section>\n\t\t\t\t<section class=\"elementor-section elementor-top-section elementor-element elementor-element-b433c01 elementor-section-boxed elementor-section-height-default elementor-section-height-default\" data-id=\"b433c01\" data-element_type=\"section\">\n\t\t\t\t\t\t<div class=\"elementor-container elementor-column-gap-default\">\n\t\t\t\t\t<div class=\"elementor-column elementor-col-50 elementor-top-column elementor-element elementor-element-723186f2\" data-id=\"723186f2\" data-element_type=\"column\">\n\t\t\t<div class=\"elementor-widget-wrap elementor-element-populated\">\n\t\t\t\t\t\t<div class=\"elementor-element elementor-element-42bb1769 elementor-widget elementor-widget-image\" data-id=\"42bb1769\" data-element_type=\"widget\" data-widget_type=\"image.default\">\n\t\t\t\t<div class=\"elementor-widget-container\">\n\t\t\t\t\t\t\t\t\t\t\t\t\t\t\t<img decoding=\"async\" data-src=\"https:\/\/i0.wp.com\/hanibeauty.fi\/wp-content\/uploads\/2023\/10\/WhatsApp-Image-2023-10-19-at-22.41.53.jpeg?fit=1067%2C1600&#038;ssl=1\" title=\"WhatsApp Image 2023-10-19 at 22.41.53\" alt=\"WhatsApp Image 2023-10-19 at 22.41.53\" src=\"data:image\/svg+xml;base64,PHN2ZyB3aWR0aD0iMSIgaGVpZ2h0PSIxIiB4bWxucz0iaHR0cDovL3d3dy53My5vcmcvMjAwMC9zdmciPjwvc3ZnPg==\" class=\"lazyload\" \/>\t\t\t\t\t\t\t\t\t\t\t\t\t\t\t<\/div>\n\t\t\t\t<\/div>\n\t\t\t\t\t<\/div>\n\t\t<\/div>\n\t\t\t\t<div class=\"elementor-column elementor-col-50 elementor-top-column elementor-element elementor-element-44db9fe\" data-id=\"44db9fe\" data-element_type=\"column\">\n\t\t\t<div class=\"elementor-widget-wrap elementor-element-populated\">\n\t\t\t\t\t\t<div class=\"elementor-element elementor-element-507d574f elementor-widget elementor-widget-image\" data-id=\"507d574f\" data-element_type=\"widget\" data-widget_type=\"image.default\">\n\t\t\t\t<div class=\"elementor-widget-container\">\n\t\t\t\t\t\t\t\t\t\t\t\t\t\t\t<img fetchpriority=\"high\" decoding=\"async\" width=\"683\" height=\"1024\" src=\"https:\/\/i0.wp.com\/hanibeauty.fi\/wp-content\/uploads\/2023\/10\/WhatsApp-Image-2023-10-19-at-22.41.53-1.jpeg?fit=683%2C1024&amp;ssl=1\" class=\"attachment-large size-large wp-image-2196\" alt=\"\" srcset=\"https:\/\/i0.wp.com\/hanibeauty.fi\/wp-content\/uploads\/2023\/10\/WhatsApp-Image-2023-10-19-at-22.41.53-1.jpeg?w=1067&amp;ssl=1 1067w, https:\/\/i0.wp.com\/hanibeauty.fi\/wp-content\/uploads\/2023\/10\/WhatsApp-Image-2023-10-19-at-22.41.53-1.jpeg?resize=200%2C300&amp;ssl=1 200w, https:\/\/i0.wp.com\/hanibeauty.fi\/wp-content\/uploads\/2023\/10\/WhatsApp-Image-2023-10-19-at-22.41.53-1.jpeg?resize=683%2C1024&amp;ssl=1 683w, https:\/\/i0.wp.com\/hanibeauty.fi\/wp-content\/uploads\/2023\/10\/WhatsApp-Image-2023-10-19-at-22.41.53-1.jpeg?resize=768%2C1152&amp;ssl=1 768w, https:\/\/i0.wp.com\/hanibeauty.fi\/wp-content\/uploads\/2023\/10\/WhatsApp-Image-2023-10-19-at-22.41.53-1.jpeg?resize=1024%2C1536&amp;ssl=1 1024w, https:\/\/i0.wp.com\/hanibeauty.fi\/wp-content\/uploads\/2023\/10\/WhatsApp-Image-2023-10-19-at-22.41.53-1.jpeg?resize=8%2C12&amp;ssl=1 8w\" sizes=\"(max-width: 683px) 100vw, 683px\" \/>\t\t\t\t\t\t\t\t\t\t\t\t\t\t\t<\/div>\n\t\t\t\t<\/div>\n\t\t\t\t\t<\/div>\n\t\t<\/div>\n\t\t\t\t\t<\/div>\n\t\t<\/section>\n\t\t\t\t<section class=\"elementor-section elementor-top-section elementor-element elementor-element-2d265684 elementor-section-boxed elementor-section-height-default elementor-section-height-default\" data-id=\"2d265684\" data-element_type=\"section\">\n\t\t\t\t\t\t<div class=\"elementor-container elementor-column-gap-no\">\n\t\t\t\t\t<div class=\"elementor-column elementor-col-33 elementor-top-column elementor-element elementor-element-2f52261f\" data-id=\"2f52261f\" data-element_type=\"column\">\n\t\t\t<div class=\"elementor-widget-wrap elementor-element-populated\">\n\t\t\t\t\t\t<div class=\"elementor-element elementor-element-279e42fe elementor-view-stacked elementor-position-left elementor-widget__width-auto elementor-shape-circle elementor-mobile-position-top elementor-widget elementor-widget-icon-box\" data-id=\"279e42fe\" data-element_type=\"widget\" data-widget_type=\"icon-box.default\">\n\t\t\t\t<div class=\"elementor-widget-container\">\n\t\t\t\t\t\t\t<div class=\"elementor-icon-box-wrapper\">\n\n\t\t\t\t\t\t<div class=\"elementor-icon-box-icon\">\n\t\t\t\t<span  class=\"elementor-icon\">\n\t\t\t\t<i aria-hidden=\"true\" class=\"fas fa-spa\"><\/i>\t\t\t\t<\/span>\n\t\t\t<\/div>\n\t\t\t\n\t\t\t\t\t\t<div class=\"elementor-icon-box-content\">\n\n\t\t\t\t\t\t\t\t\t<h5 class=\"elementor-icon-box-title\">\n\t\t\t\t\t\t<span  >\n\t\t\t\t\t\t\tBest Quality\t\t\t\t\t\t<\/span>\n\t\t\t\t\t<\/h5>\n\t\t\t\t\n\t\t\t\t\t\t\t\t\t<p class=\"elementor-icon-box-description\">\n\t\t\t\t\t\tBest value for the money\t\t\t\t\t<\/p>\n\t\t\t\t\n\t\t\t<\/div>\n\t\t\t\n\t\t<\/div>\n\t\t\t\t\t\t<\/div>\n\t\t\t\t<\/div>\n\t\t\t\t\t<\/div>\n\t\t<\/div>\n\t\t\t\t<div class=\"elementor-column elementor-col-33 elementor-top-column elementor-element elementor-element-2a274f06\" data-id=\"2a274f06\" data-element_type=\"column\">\n\t\t\t<div class=\"elementor-widget-wrap elementor-element-populated\">\n\t\t\t\t\t\t<div class=\"elementor-element elementor-element-d9e13eb elementor-view-stacked elementor-position-left elementor-widget__width-auto elementor-shape-circle elementor-mobile-position-top elementor-widget elementor-widget-icon-box\" data-id=\"d9e13eb\" data-element_type=\"widget\" data-widget_type=\"icon-box.default\">\n\t\t\t\t<div class=\"elementor-widget-container\">\n\t\t\t\t\t\t\t<div class=\"elementor-icon-box-wrapper\">\n\n\t\t\t\t\t\t<div class=\"elementor-icon-box-icon\">\n\t\t\t\t<span  class=\"elementor-icon\">\n\t\t\t\t<i aria-hidden=\"true\" class=\"fas fa-shield-virus\"><\/i>\t\t\t\t<\/span>\n\t\t\t<\/div>\n\t\t\t\n\t\t\t\t\t\t<div class=\"elementor-icon-box-content\">\n\n\t\t\t\t\t\t\t\t\t<h5 class=\"elementor-icon-box-title\">\n\t\t\t\t\t\t<span  >\n\t\t\t\t\t\t\tHygiene And Experience\t\t\t\t\t\t<\/span>\n\t\t\t\t\t<\/h5>\n\t\t\t\t\n\t\t\t\t\t\t\t\t\t<p class=\"elementor-icon-box-description\">\n\t\t\t\t\t\tAll the tools are as clean as possible \t\t\t\t\t<\/p>\n\t\t\t\t\n\t\t\t<\/div>\n\t\t\t\n\t\t<\/div>\n\t\t\t\t\t\t<\/div>\n\t\t\t\t<\/div>\n\t\t\t\t\t<\/div>\n\t\t<\/div>\n\t\t\t\t<div class=\"elementor-column elementor-col-33 elementor-top-column elementor-element elementor-element-c304557\" data-id=\"c304557\" data-element_type=\"column\">\n\t\t\t<div class=\"elementor-widget-wrap elementor-element-populated\">\n\t\t\t\t\t\t<div class=\"elementor-element elementor-element-41ede858 elementor-view-stacked elementor-position-left elementor-widget__width-auto elementor-shape-circle elementor-mobile-position-top elementor-widget elementor-widget-icon-box\" data-id=\"41ede858\" data-element_type=\"widget\" data-widget_type=\"icon-box.default\">\n\t\t\t\t<div class=\"elementor-widget-container\">\n\t\t\t\t\t\t\t<div class=\"elementor-icon-box-wrapper\">\n\n\t\t\t\t\t\t<div class=\"elementor-icon-box-icon\">\n\t\t\t\t<span  class=\"elementor-icon\">\n\t\t\t\t<i aria-hidden=\"true\" class=\"fas fa-sync\"><\/i>\t\t\t\t<\/span>\n\t\t\t<\/div>\n\t\t\t\n\t\t\t\t\t\t<div class=\"elementor-icon-box-content\">\n\n\t\t\t\t\t\t\t\t\t<h5 class=\"elementor-icon-box-title\">\n\t\t\t\t\t\t<span  >\n\t\t\t\t\t\t\tDiverse of services\t\t\t\t\t\t<\/span>\n\t\t\t\t\t<\/h5>\n\t\t\t\t\n\t\t\t\t\t\t\t\t\t<p class=\"elementor-icon-box-description\">\n\t\t\t\t\t\tThere are multiple services for your beauty\t\t\t\t\t<\/p>\n\t\t\t\t\n\t\t\t<\/div>\n\t\t\t\n\t\t<\/div>\n\t\t\t\t\t\t<\/div>\n\t\t\t\t<\/div>\n\t\t\t\t\t<\/div>\n\t\t<\/div>\n\t\t\t\t\t<\/div>\n\t\t<\/section>\n\t\t\t\t<section class=\"elementor-section elementor-top-section elementor-element elementor-element-7a5cc1ab elementor-section-boxed elementor-section-height-default elementor-section-height-default\" data-id=\"7a5cc1ab\" data-element_type=\"section\" data-settings=\"{&quot;background_background&quot;:&quot;classic&quot;}\">\n\t\t\t\t\t\t<div class=\"elementor-container elementor-column-gap-no\">\n\t\t\t\t\t<div class=\"elementor-column elementor-col-100 elementor-top-column elementor-element elementor-element-2e7934b4\" data-id=\"2e7934b4\" data-element_type=\"column\">\n\t\t\t<div class=\"elementor-widget-wrap elementor-element-populated\">\n\t\t\t\t\t\t<div class=\"elementor-element elementor-element-7b8da88a elementor-widget elementor-widget-heading\" data-id=\"7b8da88a\" data-element_type=\"widget\" data-widget_type=\"heading.default\">\n\t\t\t\t<div class=\"elementor-widget-container\">\n\t\t\t\t\t<h2 class=\"elementor-heading-title elementor-size-default\">Interested? Contact Us NOW !<\/h2>\t\t\t\t<\/div>\n\t\t\t\t<\/div>\n\t\t\t\t<div class=\"elementor-element elementor-element-2ee6ab87 elementor-widget elementor-widget-text-editor\" data-id=\"2ee6ab87\" data-element_type=\"widget\" data-widget_type=\"text-editor.default\">\n\t\t\t\t<div class=\"elementor-widget-container\">\n\t\t\t\t\t\t\t\t\t<p>You can send an email or call us for booking your place in Hani Spa &amp; Beauty.<\/p>\t\t\t\t\t\t\t\t<\/div>\n\t\t\t\t<\/div>\n\t\t\t\t<div class=\"elementor-element elementor-element-5b20682e elementor-mobile-align-center elementor-align-center elementor-widget elementor-widget-button\" data-id=\"5b20682e\" data-element_type=\"widget\" data-widget_type=\"button.default\">\n\t\t\t\t<div class=\"elementor-widget-container\">\n\t\t\t\t\t\t\t\t\t<div class=\"elementor-button-wrapper\">\n\t\t\t\t\t<a class=\"elementor-button elementor-button-link elementor-size-md\" href=\"\/contact\">\n\t\t\t\t\t\t<span class=\"elementor-button-content-wrapper\">\n\t\t\t\t\t\t\t\t\t<span class=\"elementor-button-text\">Contact Us<\/span>\n\t\t\t\t\t<\/span>\n\t\t\t\t\t<\/a>\n\t\t\t\t<\/div>\n\t\t\t\t\t\t\t\t<\/div>\n\t\t\t\t<\/div>\n\t\t\t\t\t<\/div>\n\t\t<\/div>\n\t\t\t\t\t<\/div>\n\t\t<\/section>\n\t\t\t\t<\/div>\n\t\t","protected":false},"excerpt":{"rendered":"<p>Sugaring Sugaring SUOMALAINEN EKOPHARMA perustuu parhaisiin mahdollisiin luonnonkosmetiikan aktiiviaineisiin ja suomalaisten marjauutteiden ja marjojen siemen\u00f6ljyjen ravintorikkauteen. Herk\u00e4lle iholle kehitetyt tuotteet ovat ratkaisu my\u00f6s kuivan ja reaktiivisen ihon vaativaan hoitoon. EKOPHARMA on sitoutunut ekologisuuteen, korkeaan ihosiedett\u00e4vyyteen ja erinomaiseen hoitotehoon. Karvanpoisto \u2013 sokeroinnit Jokainen sokerointi tehd\u00e4\u00e4n kotimaisen Ekopharman Hilla Hell\u00e4 -sokereilla ja -hoitotuotteilla. Best Quality Best value [&hellip;]<\/p>\n","protected":false},"author":1,"featured_media":0,"parent":0,"menu_order":0,"comment_status":"closed","ping_status":"closed","template":"","meta":{"site-sidebar-layout":"no-sidebar","site-content-layout":"page-builder","ast-site-content-layout":"default","site-content-style":"default","site-sidebar-style":"default","ast-global-header-display":"","ast-banner-title-visibility":"","ast-main-header-display":"","ast-hfb-above-header-display":"","ast-hfb-below-header-display":"","ast-hfb-mobile-header-display":"","site-post-title":"disabled","ast-breadcrumbs-content":"","ast-featured-img":"disabled","footer-sml-layout":"","theme-transparent-header-meta":"enabled","adv-header-id-meta":"","stick-header-meta":"","header-above-stick-meta":"","header-main-stick-meta":"","header-below-stick-meta":"","astra-migrate-meta-layouts":"default","ast-page-background-enabled":"default","ast-page-background-meta":{"desktop":{"background-color":"","background-image":"","background-repeat":"repeat","background-position":"center center","background-size":"auto","background-attachment":"scroll","background-type":"","background-media":"","overlay-type":"","overlay-color":"","overlay-opacity":"","overlay-gradient":""},"tablet":{"background-color":"","background-image":"","background-repeat":"repeat","background-position":"center center","background-size":"auto","background-attachment":"scroll","background-type":"","background-media":"","overlay-type":"","overlay-color":"","overlay-opacity":"","overlay-gradient":""},"mobile":{"background-color":"","background-image":"","background-repeat":"repeat","background-position":"center center","background-size":"auto","background-attachment":"scroll","background-type":"","background-media":"","overlay-type":"","overlay-color":"","overlay-opacity":"","overlay-gradient":""}},"ast-content-background-meta":{"desktop":{"background-color":"var(--ast-global-color-5)","background-image":"","background-repeat":"repeat","background-position":"center center","background-size":"auto","background-attachment":"scroll","background-type":"","background-media":"","overlay-type":"","overlay-color":"","overlay-opacity":"","overlay-gradient":""},"tablet":{"background-color":"var(--ast-global-color-5)","background-image":"","background-repeat":"repeat","background-position":"center center","background-size":"auto","background-attachment":"scroll","background-type":"","background-media":"","overlay-type":"","overlay-color":"","overlay-opacity":"","overlay-gradient":""},"mobile":{"background-color":"var(--ast-global-color-5)","background-image":"","background-repeat":"repeat","background-position":"center center","background-size":"auto","background-attachment":"scroll","background-type":"","background-media":"","overlay-type":"","overlay-color":"","overlay-opacity":"","overlay-gradient":""}},"footnotes":""},"class_list":["post-1995","page","type-page","status-publish","hentry"],"yoast_head":"<!-- This site is optimized with the Yoast SEO plugin v26.0 - https:\/\/yoast.com\/wordpress\/plugins\/seo\/ -->\n<title>SUGERING - Hani Spa &amp; Beauty<\/title>\n<meta name=\"robots\" content=\"index, follow, max-snippet:-1, max-image-preview:large, max-video-preview:-1\" \/>\n<link rel=\"canonical\" href=\"https:\/\/hanibeauty.fi\/en\/sugering\/\" \/>\n<meta property=\"og:locale\" content=\"en_US\" \/>\n<meta property=\"og:type\" content=\"article\" \/>\n<meta property=\"og:title\" content=\"SUGERING - Hani Spa &amp; Beauty\" \/>\n<meta property=\"og:description\" content=\"Sugaring Sugaring SUOMALAINEN EKOPHARMA perustuu parhaisiin mahdollisiin luonnonkosmetiikan aktiiviaineisiin ja suomalaisten marjauutteiden ja marjojen siemen\u00f6ljyjen ravintorikkauteen. Herk\u00e4lle iholle kehitetyt tuotteet ovat ratkaisu my\u00f6s kuivan ja reaktiivisen ihon vaativaan hoitoon. EKOPHARMA on sitoutunut ekologisuuteen, korkeaan ihosiedett\u00e4vyyteen ja erinomaiseen hoitotehoon. Karvanpoisto \u2013 sokeroinnit Jokainen sokerointi tehd\u00e4\u00e4n kotimaisen Ekopharman Hilla Hell\u00e4 -sokereilla ja -hoitotuotteilla. Best Quality Best value [&hellip;]\" \/>\n<meta property=\"og:url\" content=\"https:\/\/hanibeauty.fi\/en\/sugering\/\" \/>\n<meta property=\"og:site_name\" content=\"Hani Spa &amp; Beauty\" \/>\n<meta property=\"article:publisher\" content=\"https:\/\/www.facebook.com\/hanibeautykauneushoitola\" \/>\n<meta property=\"article:modified_time\" content=\"2024-04-21T20:01:05+00:00\" \/>\n<meta property=\"og:image\" content=\"https:\/\/hanibeauty.fi\/wp-content\/uploads\/2023\/10\/WhatsApp-Image-2023-10-19-at-22.41.53.jpeg\" \/>\n<meta name=\"twitter:card\" content=\"summary_large_image\" \/>\n<meta name=\"twitter:label1\" content=\"Est. reading time\" \/>\n\t<meta name=\"twitter:data1\" content=\"1 minute\" \/>\n<script type=\"application\/ld+json\" class=\"yoast-schema-graph\">{\"@context\":\"https:\/\/schema.org\",\"@graph\":[{\"@type\":\"WebPage\",\"@id\":\"https:\/\/hanibeauty.fi\/sugering\/\",\"url\":\"https:\/\/hanibeauty.fi\/sugering\/\",\"name\":\"SUGERING - Hani Spa &amp; Beauty\",\"isPartOf\":{\"@id\":\"https:\/\/hanibeauty.fi\/#website\"},\"primaryImageOfPage\":{\"@id\":\"https:\/\/hanibeauty.fi\/sugering\/#primaryimage\"},\"image\":{\"@id\":\"https:\/\/hanibeauty.fi\/sugering\/#primaryimage\"},\"thumbnailUrl\":\"https:\/\/hanibeauty.fi\/wp-content\/uploads\/2023\/10\/WhatsApp-Image-2023-10-19-at-22.41.53.jpeg\",\"datePublished\":\"2022-10-09T11:18:41+00:00\",\"dateModified\":\"2024-04-21T20:01:05+00:00\",\"breadcrumb\":{\"@id\":\"https:\/\/hanibeauty.fi\/sugering\/#breadcrumb\"},\"inLanguage\":\"en-US\",\"potentialAction\":[{\"@type\":\"ReadAction\",\"target\":[\"https:\/\/hanibeauty.fi\/sugering\/\"]}]},{\"@type\":\"ImageObject\",\"inLanguage\":\"en-US\",\"@id\":\"https:\/\/hanibeauty.fi\/sugering\/#primaryimage\",\"url\":\"https:\/\/hanibeauty.fi\/wp-content\/uploads\/2023\/10\/WhatsApp-Image-2023-10-19-at-22.41.53.jpeg\",\"contentUrl\":\"https:\/\/hanibeauty.fi\/wp-content\/uploads\/2023\/10\/WhatsApp-Image-2023-10-19-at-22.41.53.jpeg\"},{\"@type\":\"BreadcrumbList\",\"@id\":\"https:\/\/hanibeauty.fi\/sugering\/#breadcrumb\",\"itemListElement\":[{\"@type\":\"ListItem\",\"position\":1,\"name\":\"Home\",\"item\":\"https:\/\/hanibeauty.fi\/\"},{\"@type\":\"ListItem\",\"position\":2,\"name\":\"SUGERING\"}]},{\"@type\":\"WebSite\",\"@id\":\"https:\/\/hanibeauty.fi\/#website\",\"url\":\"https:\/\/hanibeauty.fi\/\",\"name\":\"Hani Spa &amp; Beauty\",\"description\":\"Let us take care of your beauty.\",\"publisher\":{\"@id\":\"https:\/\/hanibeauty.fi\/#organization\"},\"potentialAction\":[{\"@type\":\"SearchAction\",\"target\":{\"@type\":\"EntryPoint\",\"urlTemplate\":\"https:\/\/hanibeauty.fi\/?s={search_term_string}\"},\"query-input\":{\"@type\":\"PropertyValueSpecification\",\"valueRequired\":true,\"valueName\":\"search_term_string\"}}],\"inLanguage\":\"en-US\"},{\"@type\":\"Organization\",\"@id\":\"https:\/\/hanibeauty.fi\/#organization\",\"name\":\"Hani Spa And Beauty\",\"url\":\"https:\/\/hanibeauty.fi\/\",\"logo\":{\"@type\":\"ImageObject\",\"inLanguage\":\"en-US\",\"@id\":\"https:\/\/hanibeauty.fi\/#\/schema\/logo\/image\/\",\"url\":\"https:\/\/i0.wp.com\/hanibeauty.fi\/wp-content\/uploads\/2022\/05\/cropped-Hani21.png?fit=512%2C512&ssl=1\",\"contentUrl\":\"https:\/\/i0.wp.com\/hanibeauty.fi\/wp-content\/uploads\/2022\/05\/cropped-Hani21.png?fit=512%2C512&ssl=1\",\"width\":512,\"height\":512,\"caption\":\"Hani Spa And Beauty\"},\"image\":{\"@id\":\"https:\/\/hanibeauty.fi\/#\/schema\/logo\/image\/\"},\"sameAs\":[\"https:\/\/www.facebook.com\/hanibeautykauneushoitola\",\"https:\/\/www.instagram.com\/hanispabeauty\/?hl=en\"]}]}<\/script>\n<!-- \/ Yoast SEO plugin. -->","yoast_head_json":{"title":"SUGERING - Hani Spa &amp; Beauty","robots":{"index":"index","follow":"follow","max-snippet":"max-snippet:-1","max-image-preview":"max-image-preview:large","max-video-preview":"max-video-preview:-1"},"canonical":"https:\/\/hanibeauty.fi\/en\/sugering\/","og_locale":"en_US","og_type":"article","og_title":"SUGERING - Hani Spa &amp; Beauty","og_description":"Sugaring Sugaring SUOMALAINEN EKOPHARMA perustuu parhaisiin mahdollisiin luonnonkosmetiikan aktiiviaineisiin ja suomalaisten marjauutteiden ja marjojen siemen\u00f6ljyjen ravintorikkauteen. Herk\u00e4lle iholle kehitetyt tuotteet ovat ratkaisu my\u00f6s kuivan ja reaktiivisen ihon vaativaan hoitoon. EKOPHARMA on sitoutunut ekologisuuteen, korkeaan ihosiedett\u00e4vyyteen ja erinomaiseen hoitotehoon. Karvanpoisto \u2013 sokeroinnit Jokainen sokerointi tehd\u00e4\u00e4n kotimaisen Ekopharman Hilla Hell\u00e4 -sokereilla ja -hoitotuotteilla. Best Quality Best value [&hellip;]","og_url":"https:\/\/hanibeauty.fi\/en\/sugering\/","og_site_name":"Hani Spa &amp; Beauty","article_publisher":"https:\/\/www.facebook.com\/hanibeautykauneushoitola","article_modified_time":"2024-04-21T20:01:05+00:00","og_image":[{"url":"https:\/\/hanibeauty.fi\/wp-content\/uploads\/2023\/10\/WhatsApp-Image-2023-10-19-at-22.41.53.jpeg","type":"","width":"","height":""}],"twitter_card":"summary_large_image","twitter_misc":{"Est. reading time":"1 minute"},"schema":{"@context":"https:\/\/schema.org","@graph":[{"@type":"WebPage","@id":"https:\/\/hanibeauty.fi\/sugering\/","url":"https:\/\/hanibeauty.fi\/sugering\/","name":"SUGERING - Hani Spa &amp; Beauty","isPartOf":{"@id":"https:\/\/hanibeauty.fi\/#website"},"primaryImageOfPage":{"@id":"https:\/\/hanibeauty.fi\/sugering\/#primaryimage"},"image":{"@id":"https:\/\/hanibeauty.fi\/sugering\/#primaryimage"},"thumbnailUrl":"https:\/\/hanibeauty.fi\/wp-content\/uploads\/2023\/10\/WhatsApp-Image-2023-10-19-at-22.41.53.jpeg","datePublished":"2022-10-09T11:18:41+00:00","dateModified":"2024-04-21T20:01:05+00:00","breadcrumb":{"@id":"https:\/\/hanibeauty.fi\/sugering\/#breadcrumb"},"inLanguage":"en-US","potentialAction":[{"@type":"ReadAction","target":["https:\/\/hanibeauty.fi\/sugering\/"]}]},{"@type":"ImageObject","inLanguage":"en-US","@id":"https:\/\/hanibeauty.fi\/sugering\/#primaryimage","url":"https:\/\/hanibeauty.fi\/wp-content\/uploads\/2023\/10\/WhatsApp-Image-2023-10-19-at-22.41.53.jpeg","contentUrl":"https:\/\/hanibeauty.fi\/wp-content\/uploads\/2023\/10\/WhatsApp-Image-2023-10-19-at-22.41.53.jpeg"},{"@type":"BreadcrumbList","@id":"https:\/\/hanibeauty.fi\/sugering\/#breadcrumb","itemListElement":[{"@type":"ListItem","position":1,"name":"Home","item":"https:\/\/hanibeauty.fi\/"},{"@type":"ListItem","position":2,"name":"SUGERING"}]},{"@type":"WebSite","@id":"https:\/\/hanibeauty.fi\/#website","url":"https:\/\/hanibeauty.fi\/","name":"Hani Spa &amp; Beauty","description":"Let us take care of your beauty.","publisher":{"@id":"https:\/\/hanibeauty.fi\/#organization"},"potentialAction":[{"@type":"SearchAction","target":{"@type":"EntryPoint","urlTemplate":"https:\/\/hanibeauty.fi\/?s={search_term_string}"},"query-input":{"@type":"PropertyValueSpecification","valueRequired":true,"valueName":"search_term_string"}}],"inLanguage":"en-US"},{"@type":"Organization","@id":"https:\/\/hanibeauty.fi\/#organization","name":"Hani Spa And Beauty","url":"https:\/\/hanibeauty.fi\/","logo":{"@type":"ImageObject","inLanguage":"en-US","@id":"https:\/\/hanibeauty.fi\/#\/schema\/logo\/image\/","url":"https:\/\/i0.wp.com\/hanibeauty.fi\/wp-content\/uploads\/2022\/05\/cropped-Hani21.png?fit=512%2C512&ssl=1","contentUrl":"https:\/\/i0.wp.com\/hanibeauty.fi\/wp-content\/uploads\/2022\/05\/cropped-Hani21.png?fit=512%2C512&ssl=1","width":512,"height":512,"caption":"Hani Spa And Beauty"},"image":{"@id":"https:\/\/hanibeauty.fi\/#\/schema\/logo\/image\/"},"sameAs":["https:\/\/www.facebook.com\/hanibeautykauneushoitola","https:\/\/www.instagram.com\/hanispabeauty\/?hl=en"]}]}},"jetpack_sharing_enabled":true,"_links":{"self":[{"href":"https:\/\/hanibeauty.fi\/en\/wp-json\/wp\/v2\/pages\/1995","targetHints":{"allow":["GET"]}}],"collection":[{"href":"https:\/\/hanibeauty.fi\/en\/wp-json\/wp\/v2\/pages"}],"about":[{"href":"https:\/\/hanibeauty.fi\/en\/wp-json\/wp\/v2\/types\/page"}],"author":[{"embeddable":true,"href":"https:\/\/hanibeauty.fi\/en\/wp-json\/wp\/v2\/users\/1"}],"replies":[{"embeddable":true,"href":"https:\/\/hanibeauty.fi\/en\/wp-json\/wp\/v2\/comments?post=1995"}],"version-history":[{"count":41,"href":"https:\/\/hanibeauty.fi\/en\/wp-json\/wp\/v2\/pages\/1995\/revisions"}],"predecessor-version":[{"id":3024,"href":"https:\/\/hanibeauty.fi\/en\/wp-json\/wp\/v2\/pages\/1995\/revisions\/3024"}],"wp:attachment":[{"href":"https:\/\/hanibeauty.fi\/en\/wp-json\/wp\/v2\/media?parent=1995"}],"curies":[{"name":"wp","href":"https:\/\/api.w.org\/{rel}","templated":true}]}}